{"id":702,"date":"2017-01-31T17:14:37","date_gmt":"2017-01-31T16:14:37","guid":{"rendered":"http:\/\/localhost\/canaltaronja\/?page_id=702"},"modified":"2024-03-20T11:57:25","modified_gmt":"2024-03-20T10:57:25","slug":"politica-de-privacitat","status":"publish","type":"page","link":"https:\/\/www.canaltaronja.cat\/osona\/politica-de-privacitat\/","title":{"rendered":"Pol\u00edtica de privacitat"},"content":{"rendered":"<p><strong>Informaci\u00f3 b\u00e0sica sobre la protecci\u00f3 de dades<\/strong><br \/>\n<u>Responsable<\/u>: Taelus SL<br \/>\n<u>Finalitat<\/u>: L\u2019atenci\u00f3 de sol\u00b7licituds de diversa \u00edndole per part de l\u2019usuari.<br \/>\n<u>Legitimaci\u00f3<\/u>: Consentiment de l\u2019interessat.<br \/>\n<u>Destinataris<\/u>: Altres empreses del grup. Encarregats de Tractament dins o fora de la UE.<br \/>\n<u>Drets<\/u>: Accedir, rectificar i suprimir les dades, aix\u00ed com altres drets, com s\u2019explica a la informaci\u00f3 addicional.<br \/>\n<u>Informaci\u00f3 addicional<\/u>: Podeu consultar la informaci\u00f3 addicional i detallada sobre Protecci\u00f3 de Dades a la nostra p\u00e0gina web: www.canaltaronja.cat<\/p>\n<p><strong>Informaci\u00f3 addicional<\/strong><br \/>\nLa present Pol\u00edtica de Protecci\u00f3 de dades regula el tractament de dades personals facilitades per l\u2019usuari a trav\u00e9s del lloc web (en endavant, la \u201cWeb\u201d) que Taelus SL posa a disposici\u00f3 dels usuaris d\u2019Internet. La present Pol\u00edtica forma part integrant de l\u2019Av\u00eds Legal accessible en tot moment des de la web.<\/p>\n<p>L\u2019usuari garanteix que les dades aportades s\u00f3n veritables, exactes, completes i actualitzades, sent responsable de qualsevol dany o perjudici, directe o indirecte, que pogu\u00e9s ocasionar com a conseq\u00fc\u00e8ncia de l\u2019incompliment d\u2019aquesta obligaci\u00f3. En el cas que les dades aportades pertanyessin a un tercer, l\u2019usuari garanteix que ha informat a aquest tercer dels aspectes continguts en aquest document i obtingut la seva autoritzaci\u00f3 per facilitar les seves dades a Taelus SL per als fins assenyalats.<\/p>\n<p>La Web pot oferir funcionalitats per compartir continguts a trav\u00e9s d\u2019aplicacions de tercers, com Facebook o Twitter. Aquestes aplicacions poden recollir i tractar informaci\u00f3 relacionada amb la navegaci\u00f3 de l\u2019usuari en els diferents llocs webs. Qualsevol informaci\u00f3 personal que es recaptada a trav\u00e9s d\u2019aquestes aplicacions, pot ser utilitzada per tercers usuaris de les mateixes, i les seves interaccions estan sotmeses a les pol\u00edtiques de privacitat de les companyies que faciliten les aplicacions.<\/p>\n<p>La Web pot allotjar blogs, f\u00f2rums, i altres aplicacions o serveis de xarxes socials amb la finalitat de facilitar l\u2019intercanvi de coneixement i contingut. Qualsevol informaci\u00f3 personal que es faciliti per l\u2019usuari pot ser compartida amb altres usuaris d\u2019aquest servei, sobre els quals Taelus SL no t\u00e9 cap control.<\/p>\n<p>A fi d\u2019oferir informaci\u00f3 o serveis d\u2019inter\u00e8s en funci\u00f3 de la localitzaci\u00f3 de l\u2019usuari, Taelus SL podr\u00e0 accedir a dades relatives a la geolocalitzaci\u00f3 del dispositiu de l\u2019usuari, en aquells casos en qu\u00e8 la configuraci\u00f3 de l\u2019usuari a l\u2019efecte aix\u00ed ho permeti.<\/p>\n<p>A efectes de seguretat t\u00e8cnica i diagn\u00f2stic de sistemes, de manera an\u00f3nima o agregada, Taelus SL podr\u00e0 registrar l\u2019adre\u00e7a IP (n\u00famero d\u2019identificaci\u00f3 de l\u2019acc\u00e9s a Internet del dispositiu, que permet als dispositius, sistemes i servidors recon\u00e8ixer-se i comunicar-se entre si). Aquesta informaci\u00f3 podr\u00e0 ser tamb\u00e9 utilitzada amb finalitats anal\u00edtiques de rendiment web.<\/p>\n<p><strong>1. Qui \u00e9s el responsable del tractament de les dades personals de l\u2019usuari?<\/strong><br \/>\nIdentitat: Taelus SL, CIF n\u00famero B-60711843<br \/>\nDirecci\u00f3 postal:  carrer Nou, 47 entres\u00f2l de Manresa<br \/>\nTel\u00e8fon: 93 872 02 05<br \/>\nCorreu electr\u00f2nic: admo@taelus.net<\/p>\n<p><strong>2. Amb quina finalitat tractem les dades personals de l\u2019usuari?<\/strong><br \/>\nTaelus SL tracta la informaci\u00f3 facilitada per l\u2019usuari amb la finalitat d\u2019atendre les sol\u00b7licituds de diversa \u00edndole dutes a terme per part d\u2019aquest. En funci\u00f3 de la naturalesa de la sol\u00b7licitud, la finalitat perseguir\u00e0 la gesti\u00f3 de:<\/p>\n<p>a. Consultes i sol\u00b7licituds de propostes, (RFP) remeses a trav\u00e9s del formulari de contacte habilitat a l\u2019efecte.<br \/>\nb. Curr\u00edculums remesos a trav\u00e9s del web.<br \/>\nc. La participaci\u00f3 en blogs, mitjan\u00e7ant comentaris.<br \/>\nd. Les comunicacions a trav\u00e9s de la L\u00ednia \u00c8tica o Whistle-blowing Hotline o enquestes.<br \/>\ne. Comunicacions electr\u00f2niques de naturalesa informativa, d\u2019acord amb els seus interessos.<\/p>\n<p>Taelus SL podr\u00e0 elaborar un perfil comercial, amb base a la informaci\u00f3 facilitada. No es prendran decisions automatitzades amb base a aquest perfil.<\/p>\n<p>En el cas que l\u2019usuari es registri a la web a trav\u00e9s del login social, Taelus SL \u00fanicament accedir\u00e0 a les dades personals de l\u2019usuari per als quals hagi prestat el seu consentiment durant la configuraci\u00f3 de l\u2019acc\u00e9s de la xarxa social de qu\u00e8 es tracti. Qualsevol informaci\u00f3 facilitada en connexi\u00f3 amb aquestes aplicacions socials podria ser accedida per membres de la corresponent xarxa social, aquestes interaccions es regiran per les pol\u00edtiques de privacitat de les entitats prestadores dels serveis. Taelus SL no disposa de cap control ni responsabilitat respecte d\u2019aquestes entitats o de l\u2019\u00fas que facin de la informaci\u00f3 de l\u2019usuari.<\/p>\n<p><strong>2.1. Informaci\u00f3 sobre el tractament de dades per a enviament de comunicacions des de Taelus SL<\/strong><br \/>\nLes dades empleades, o facilitades, en les comunicacions informatives i\/o promocionals s\u00f3n tractades per Taelus SL per a finalitats consistents en l\u2019enviament electr\u00f2nic d\u2019informaci\u00f3 i comunicacions sobre serveis, activitats, publicacions i esdeveniments i professionals de Taelus SL o del seguiment i optimitzaci\u00f3 de les campanyes de m\u00e0rqueting realitzades mitjan\u00e7ant les tecnologies a l\u2019efecte; i l\u2019elaboraci\u00f3 de perfils amb finalitats comercials.<\/p>\n<p>El consentiment per a l\u2019enviament d\u2019aquestes comunicacions podr\u00e0 ser revocat en tot moment en cadascuna de les comunicacions rebudes mitjan\u00e7ant el mecanisme habilitat a l\u2019efecte.<\/p>\n<p>El criteri de conservaci\u00f3 de les dades tindr\u00e0 base a la manifestaci\u00f3 contr\u00e0ria al tractament per part seva. En tot cas, podr\u00e0 exercir els drets d\u2019acc\u00e9s, rectificaci\u00f3, limitaci\u00f3, supressi\u00f3, portabilitat i oposici\u00f3, dirigint la seva petici\u00f3 a l\u2019adre\u00e7a postal indicada m\u00e9s amunt o b\u00e9 a trav\u00e9s de correu electr\u00f2nic admo@taelus.net.<\/p>\n<p><strong>3. Per quant de temps conservarem les dades personals de l\u2019usuari?<\/strong><br \/>\nAmb car\u00e0cter general, les dades personals proporcionades es conservaran durant el temps necessari per atendre la sol\u00b7licitud de l\u2019usuari o mentre no es sol\u00b7liciti la seva supressi\u00f3 per l\u2019usuari. En el cas concret de curr\u00edculum les dades seran conservades per un per\u00edode m\u00e0xim de tres anys, excepte indicaci\u00f3 en contrari per part de l\u2019interessat.<\/p>\n<p><strong>4. Quina \u00e9s la legitimaci\u00f3 per al tractament de les dades personals de l\u2019usuari?<\/strong><br \/>\nLa base legal per al tractament de les dades \u00e9s la legitimaci\u00f3 per consentiment de l\u2019usuari.<\/p>\n<p><strong>5. A quins destinataris es comunicaran les dades personals de l\u2019usuari?<\/strong><br \/>\nEn aquells casos en qu\u00e8 l\u2019usuari sol\u00b7liciti, a trav\u00e9s del web, propostes de serveis o es remetin curr\u00edculums, les seves dades seran facilitats a aquelles empreses espanyoles afiliades a la xarxa Taelus SL.<\/p>\n<p>En aquells casos en qu\u00e8 la sol\u00b7licitud de l\u2019usuari aix\u00ed ho justifiqui les dades identificatives es poden facilitar a altres entitats afiliades a la xarxa Taelus SL, incloses aquelles situades fora de l\u2019Espai Econ\u00f2mic Europeu, als efectes d\u2019atendre la sol\u00b7licitud vinculada al pa\u00eds de destinaci\u00f3.<\/p>\n<p>Aix\u00ed mateix, les dades podran ser cedides a administracions i organismes p\u00fablics per al compliment d\u2019obligacions directament exigibles als Taelus SL.<\/p>\n<p><strong>6. Quins s\u00f3n els drets de l\u2019usuari quan ens facilita les seves dades personals?<\/strong><br \/>\nL\u2019usuari t\u00e9 dret a obtenir confirmaci\u00f3 sobre si Taelus SL tracta dades personals que el concerneixen, aix\u00ed com a accedir a les seves dades personals, sol\u00b7licitar la rectificaci\u00f3 de les dades inexactes o, si escau, sol\u00b7licitar la seva supressi\u00f3 quan, entre d\u2019altres motius, les dades ja no siguin necessaris per als fins que van ser recollides.<\/p>\n<p>En determinades circumst\u00e0ncies, l\u2019usuari podr\u00e0 sol\u00b7licitar la limitaci\u00f3 del tractament de les seves dades, en aquest cas \u00fanicament es conservaran per a l\u2019exercici o la defensa de reclamacions.<\/p>\n<p>En determinades circumst\u00e0ncies i per motius relacionats amb la seva situaci\u00f3 particular, l\u2019usuari podr\u00e0 oposar-se al tractament de les seves dades. Taelus SL cessar\u00e0 en el tractament de les dades, excepte per motius leg\u00edtims imperiosos, o l\u2019exercici o la defensa de possibles reclamacions.<\/p>\n<p>L\u2019usuari podr\u00e0 plantejar les q\u00fcestions que consideri en relaci\u00f3 a la present Pol\u00edtica aix\u00ed com exercir els seus drets en els termes legalment previstos i per a aix\u00f2 dirigir una comunicaci\u00f3 mitjan\u00e7ant correu postal a: Taelus SL, carrer Nou, 47 entres\u00f2l de Manresa, o correu electr\u00f2nic a: admo@taelus.net amb indicaci\u00f3 de la sol\u00b7licitud corresponent i acompanyat de c\u00f2pia del DNI o document acreditatiu de la identitat.<\/p>\n","protected":false},"excerpt":{"rendered":"<p>Informaci\u00f3 b\u00e0sica sobre la protecci\u00f3 de dades Responsable: Taelus SL Finalitat: L\u2019atenci\u00f3 de sol\u00b7licituds de diversa \u00edndole per part de [&hellip;]<\/p>\n","protected":false},"author":1,"featured_media":0,"parent":0,"menu_order":0,"comment_status":"closed","ping_status":"closed","template":"","meta":{"footnotes":""},"yoast_head":"<!-- This site is optimized with the Yoast SEO plugin v21.5 - https:\/\/yoast.com\/wordpress\/plugins\/seo\/ -->\n<title>Pol\u00edtica de privacitat - Canal Taronja Osona i Moian\u00e8s<\/title>\n<meta name=\"robots\" content=\"index, follow, max-snippet:-1, max-image-preview:large, max-video-preview:-1\" \/>\n<link rel=\"canonical\" href=\"http:\/\/www.canaltaronja.cat\/osona\/politica-de-privacitat\/\" \/>\n<meta property=\"og:locale\" content=\"ca_ES\" \/>\n<meta property=\"og:type\" content=\"article\" \/>\n<meta property=\"og:title\" content=\"Pol\u00edtica de privacitat - Canal Taronja Osona i Moian\u00e8s\" \/>\n<meta property=\"og:description\" content=\"Informaci\u00f3 b\u00e0sica sobre la protecci\u00f3 de dades Responsable: Taelus SL Finalitat: L\u2019atenci\u00f3 de sol\u00b7licituds de diversa \u00edndole per part de [&hellip;]\" \/>\n<meta property=\"og:url\" content=\"http:\/\/www.canaltaronja.cat\/osona\/politica-de-privacitat\/\" \/>\n<meta property=\"og:site_name\" content=\"Canal Taronja Osona i Moian\u00e8s\" \/>\n<meta property=\"article:modified_time\" content=\"2024-03-20T10:57:25+00:00\" \/>\n<meta name=\"twitter:card\" content=\"summary_large_image\" \/>\n<meta name=\"twitter:label1\" content=\"Temps estimat de lectura\" \/>\n\t<meta name=\"twitter:data1\" content=\"7 minuts\" \/>\n<script type=\"application\/ld+json\" class=\"yoast-schema-graph\">{\"@context\":\"https:\/\/schema.org\",\"@graph\":[{\"@type\":\"WebPage\",\"@id\":\"http:\/\/www.canaltaronja.cat\/osona\/politica-de-privacitat\/\",\"url\":\"http:\/\/www.canaltaronja.cat\/osona\/politica-de-privacitat\/\",\"name\":\"Pol\u00edtica de privacitat - Canal Taronja Osona i Moian\u00e8s\",\"isPartOf\":{\"@id\":\"http:\/\/www.canaltaronja.cat\/osona\/#website\"},\"datePublished\":\"2017-01-31T16:14:37+00:00\",\"dateModified\":\"2024-03-20T10:57:25+00:00\",\"breadcrumb\":{\"@id\":\"http:\/\/www.canaltaronja.cat\/osona\/politica-de-privacitat\/#breadcrumb\"},\"inLanguage\":\"ca\",\"potentialAction\":[{\"@type\":\"ReadAction\",\"target\":[\"http:\/\/www.canaltaronja.cat\/osona\/politica-de-privacitat\/\"]}]},{\"@type\":\"BreadcrumbList\",\"@id\":\"http:\/\/www.canaltaronja.cat\/osona\/politica-de-privacitat\/#breadcrumb\",\"itemListElement\":[{\"@type\":\"ListItem\",\"position\":1,\"name\":\"Inici\",\"item\":\"https:\/\/www.canaltaronja.cat\/osona\/\"},{\"@type\":\"ListItem\",\"position\":2,\"name\":\"Pol\u00edtica de privacitat\"}]},{\"@type\":\"WebSite\",\"@id\":\"http:\/\/www.canaltaronja.cat\/osona\/#website\",\"url\":\"http:\/\/www.canaltaronja.cat\/osona\/\",\"name\":\"Canal Taronja Osona i Moian\u00e8s\",\"description\":\"\",\"potentialAction\":[{\"@type\":\"SearchAction\",\"target\":{\"@type\":\"EntryPoint\",\"urlTemplate\":\"http:\/\/www.canaltaronja.cat\/osona\/?s={search_term_string}\"},\"query-input\":\"required name=search_term_string\"}],\"inLanguage\":\"ca\"}]}<\/script>\n<!-- \/ Yoast SEO plugin. -->","yoast_head_json":{"title":"Pol\u00edtica de privacitat - Canal Taronja Osona i Moian\u00e8s","robots":{"index":"index","follow":"follow","max-snippet":"max-snippet:-1","max-image-preview":"max-image-preview:large","max-video-preview":"max-video-preview:-1"},"canonical":"http:\/\/www.canaltaronja.cat\/osona\/politica-de-privacitat\/","og_locale":"ca_ES","og_type":"article","og_title":"Pol\u00edtica de privacitat - Canal Taronja Osona i Moian\u00e8s","og_description":"Informaci\u00f3 b\u00e0sica sobre la protecci\u00f3 de dades Responsable: Taelus SL Finalitat: L\u2019atenci\u00f3 de sol\u00b7licituds de diversa \u00edndole per part de [&hellip;]","og_url":"http:\/\/www.canaltaronja.cat\/osona\/politica-de-privacitat\/","og_site_name":"Canal Taronja Osona i Moian\u00e8s","article_modified_time":"2024-03-20T10:57:25+00:00","twitter_card":"summary_large_image","twitter_misc":{"Temps estimat de lectura":"7 minuts"},"schema":{"@context":"https:\/\/schema.org","@graph":[{"@type":"WebPage","@id":"http:\/\/www.canaltaronja.cat\/osona\/politica-de-privacitat\/","url":"http:\/\/www.canaltaronja.cat\/osona\/politica-de-privacitat\/","name":"Pol\u00edtica de privacitat - Canal Taronja Osona i Moian\u00e8s","isPartOf":{"@id":"http:\/\/www.canaltaronja.cat\/osona\/#website"},"datePublished":"2017-01-31T16:14:37+00:00","dateModified":"2024-03-20T10:57:25+00:00","breadcrumb":{"@id":"http:\/\/www.canaltaronja.cat\/osona\/politica-de-privacitat\/#breadcrumb"},"inLanguage":"ca","potentialAction":[{"@type":"ReadAction","target":["http:\/\/www.canaltaronja.cat\/osona\/politica-de-privacitat\/"]}]},{"@type":"BreadcrumbList","@id":"http:\/\/www.canaltaronja.cat\/osona\/politica-de-privacitat\/#breadcrumb","itemListElement":[{"@type":"ListItem","position":1,"name":"Inici","item":"https:\/\/www.canaltaronja.cat\/osona\/"},{"@type":"ListItem","position":2,"name":"Pol\u00edtica de privacitat"}]},{"@type":"WebSite","@id":"http:\/\/www.canaltaronja.cat\/osona\/#website","url":"http:\/\/www.canaltaronja.cat\/osona\/","name":"Canal Taronja Osona i Moian\u00e8s","description":"","potentialAction":[{"@type":"SearchAction","target":{"@type":"EntryPoint","urlTemplate":"http:\/\/www.canaltaronja.cat\/osona\/?s={search_term_string}"},"query-input":"required name=search_term_string"}],"inLanguage":"ca"}]}},"_links":{"self":[{"href":"https:\/\/www.canaltaronja.cat\/osona\/wp-json\/wp\/v2\/pages\/702"}],"collection":[{"href":"https:\/\/www.canaltaronja.cat\/osona\/wp-json\/wp\/v2\/pages"}],"about":[{"href":"https:\/\/www.canaltaronja.cat\/osona\/wp-json\/wp\/v2\/types\/page"}],"author":[{"embeddable":true,"href":"https:\/\/www.canaltaronja.cat\/osona\/wp-json\/wp\/v2\/users\/1"}],"replies":[{"embeddable":true,"href":"https:\/\/www.canaltaronja.cat\/osona\/wp-json\/wp\/v2\/comments?post=702"}],"version-history":[{"count":5,"href":"https:\/\/www.canaltaronja.cat\/osona\/wp-json\/wp\/v2\/pages\/702\/revisions"}],"predecessor-version":[{"id":30850,"href":"https:\/\/www.canaltaronja.cat\/osona\/wp-json\/wp\/v2\/pages\/702\/revisions\/30850"}],"wp:attachment":[{"href":"https:\/\/www.canaltaronja.cat\/osona\/wp-json\/wp\/v2\/media?parent=702"}],"curies":[{"name":"wp","href":"https:\/\/api.w.org\/{rel}","templated":true}]}}