{"id":10517,"date":"2019-04-29T16:17:12","date_gmt":"2019-04-29T15:17:12","guid":{"rendered":"http:\/\/www.canaltaronja.cat\/osona\/?page_id=10517"},"modified":"2024-04-25T15:31:50","modified_gmt":"2024-04-25T13:31:50","slug":"frequencia","status":"publish","type":"page","link":"https:\/\/www.canaltaronja.cat\/osona\/frequencia\/","title":{"rendered":"Premsa Freq\u00fc\u00e8ncia"},"content":{"rendered":"<p><img decoding=\"async\" loading=\"lazy\" src=\"https:\/\/www.canaltaronja.cat\/osona\/wp-content\/uploads\/2024\/04\/Junts_500x498_50kb.gif\" alt=\"\" width=\"500\" height=\"498\" class=\"aligncenter size-full wp-image-31286\" \/><\/p>\n","protected":false},"excerpt":{"rendered":"","protected":false},"author":2,"featured_media":0,"parent":0,"menu_order":0,"comment_status":"closed","ping_status":"closed","template":"","meta":{"footnotes":""},"yoast_head":"<!-- This site is optimized with the Yoast SEO plugin v21.5 - https:\/\/yoast.com\/wordpress\/plugins\/seo\/ -->\n<title>Premsa Freq\u00fc\u00e8ncia - Canal Taronja Osona i Moian\u00e8s<\/title>\n<meta name=\"robots\" content=\"index, follow, max-snippet:-1, max-image-preview:large, max-video-preview:-1\" \/>\n<link rel=\"canonical\" href=\"http:\/\/www.canaltaronja.cat\/osona\/frequencia\/\" \/>\n<meta property=\"og:locale\" content=\"ca_ES\" \/>\n<meta property=\"og:type\" content=\"article\" \/>\n<meta property=\"og:title\" content=\"Premsa Freq\u00fc\u00e8ncia - Canal Taronja Osona i Moian\u00e8s\" \/>\n<meta property=\"og:url\" content=\"http:\/\/www.canaltaronja.cat\/osona\/frequencia\/\" \/>\n<meta property=\"og:site_name\" content=\"Canal Taronja Osona i Moian\u00e8s\" \/>\n<meta property=\"article:modified_time\" content=\"2024-04-25T13:31:50+00:00\" \/>\n<meta property=\"og:image\" content=\"https:\/\/www.canaltaronja.cat\/osona\/wp-content\/uploads\/2024\/04\/Junts_500x498_50kb.gif\" \/>\n<meta name=\"twitter:card\" content=\"summary_large_image\" \/>\n<meta name=\"twitter:label1\" content=\"Temps estimat de lectura\" \/>\n\t<meta name=\"twitter:data1\" content=\"1 minut\" \/>\n<script type=\"application\/ld+json\" class=\"yoast-schema-graph\">{\"@context\":\"https:\/\/schema.org\",\"@graph\":[{\"@type\":\"WebPage\",\"@id\":\"http:\/\/www.canaltaronja.cat\/osona\/frequencia\/\",\"url\":\"http:\/\/www.canaltaronja.cat\/osona\/frequencia\/\",\"name\":\"Premsa Freq\u00fc\u00e8ncia - Canal Taronja Osona i Moian\u00e8s\",\"isPartOf\":{\"@id\":\"http:\/\/www.canaltaronja.cat\/osona\/#website\"},\"datePublished\":\"2019-04-29T15:17:12+00:00\",\"dateModified\":\"2024-04-25T13:31:50+00:00\",\"breadcrumb\":{\"@id\":\"http:\/\/www.canaltaronja.cat\/osona\/frequencia\/#breadcrumb\"},\"inLanguage\":\"ca\",\"potentialAction\":[{\"@type\":\"ReadAction\",\"target\":[\"http:\/\/www.canaltaronja.cat\/osona\/frequencia\/\"]}]},{\"@type\":\"BreadcrumbList\",\"@id\":\"http:\/\/www.canaltaronja.cat\/osona\/frequencia\/#breadcrumb\",\"itemListElement\":[{\"@type\":\"ListItem\",\"position\":1,\"name\":\"Inici\",\"item\":\"https:\/\/www.canaltaronja.cat\/osona\/\"},{\"@type\":\"ListItem\",\"position\":2,\"name\":\"Premsa Freq\u00fc\u00e8ncia\"}]},{\"@type\":\"WebSite\",\"@id\":\"http:\/\/www.canaltaronja.cat\/osona\/#website\",\"url\":\"http:\/\/www.canaltaronja.cat\/osona\/\",\"name\":\"Canal Taronja Osona i Moian\u00e8s\",\"description\":\"\",\"potentialAction\":[{\"@type\":\"SearchAction\",\"target\":{\"@type\":\"EntryPoint\",\"urlTemplate\":\"http:\/\/www.canaltaronja.cat\/osona\/?s={search_term_string}\"},\"query-input\":\"required name=search_term_string\"}],\"inLanguage\":\"ca\"}]}<\/script>\n<!-- \/ Yoast SEO plugin. -->","yoast_head_json":{"title":"Premsa Freq\u00fc\u00e8ncia - Canal Taronja Osona i Moian\u00e8s","robots":{"index":"index","follow":"follow","max-snippet":"max-snippet:-1","max-image-preview":"max-image-preview:large","max-video-preview":"max-video-preview:-1"},"canonical":"http:\/\/www.canaltaronja.cat\/osona\/frequencia\/","og_locale":"ca_ES","og_type":"article","og_title":"Premsa Freq\u00fc\u00e8ncia - Canal Taronja Osona i Moian\u00e8s","og_url":"http:\/\/www.canaltaronja.cat\/osona\/frequencia\/","og_site_name":"Canal Taronja Osona i Moian\u00e8s","article_modified_time":"2024-04-25T13:31:50+00:00","og_image":[{"url":"https:\/\/www.canaltaronja.cat\/osona\/wp-content\/uploads\/2024\/04\/Junts_500x498_50kb.gif"}],"twitter_card":"summary_large_image","twitter_misc":{"Temps estimat de lectura":"1 minut"},"schema":{"@context":"https:\/\/schema.org","@graph":[{"@type":"WebPage","@id":"http:\/\/www.canaltaronja.cat\/osona\/frequencia\/","url":"http:\/\/www.canaltaronja.cat\/osona\/frequencia\/","name":"Premsa Freq\u00fc\u00e8ncia - Canal Taronja Osona i Moian\u00e8s","isPartOf":{"@id":"http:\/\/www.canaltaronja.cat\/osona\/#website"},"datePublished":"2019-04-29T15:17:12+00:00","dateModified":"2024-04-25T13:31:50+00:00","breadcrumb":{"@id":"http:\/\/www.canaltaronja.cat\/osona\/frequencia\/#breadcrumb"},"inLanguage":"ca","potentialAction":[{"@type":"ReadAction","target":["http:\/\/www.canaltaronja.cat\/osona\/frequencia\/"]}]},{"@type":"BreadcrumbList","@id":"http:\/\/www.canaltaronja.cat\/osona\/frequencia\/#breadcrumb","itemListElement":[{"@type":"ListItem","position":1,"name":"Inici","item":"https:\/\/www.canaltaronja.cat\/osona\/"},{"@type":"ListItem","position":2,"name":"Premsa Freq\u00fc\u00e8ncia"}]},{"@type":"WebSite","@id":"http:\/\/www.canaltaronja.cat\/osona\/#website","url":"http:\/\/www.canaltaronja.cat\/osona\/","name":"Canal Taronja Osona i Moian\u00e8s","description":"","potentialAction":[{"@type":"SearchAction","target":{"@type":"EntryPoint","urlTemplate":"http:\/\/www.canaltaronja.cat\/osona\/?s={search_term_string}"},"query-input":"required name=search_term_string"}],"inLanguage":"ca"}]}},"_links":{"self":[{"href":"https:\/\/www.canaltaronja.cat\/osona\/wp-json\/wp\/v2\/pages\/10517"}],"collection":[{"href":"https:\/\/www.canaltaronja.cat\/osona\/wp-json\/wp\/v2\/pages"}],"about":[{"href":"https:\/\/www.canaltaronja.cat\/osona\/wp-json\/wp\/v2\/types\/page"}],"author":[{"embeddable":true,"href":"https:\/\/www.canaltaronja.cat\/osona\/wp-json\/wp\/v2\/users\/2"}],"replies":[{"embeddable":true,"href":"https:\/\/www.canaltaronja.cat\/osona\/wp-json\/wp\/v2\/comments?post=10517"}],"version-history":[{"count":44,"href":"https:\/\/www.canaltaronja.cat\/osona\/wp-json\/wp\/v2\/pages\/10517\/revisions"}],"predecessor-version":[{"id":31296,"href":"https:\/\/www.canaltaronja.cat\/osona\/wp-json\/wp\/v2\/pages\/10517\/revisions\/31296"}],"wp:attachment":[{"href":"https:\/\/www.canaltaronja.cat\/osona\/wp-json\/wp\/v2\/media?parent=10517"}],"curies":[{"name":"wp","href":"https:\/\/api.w.org\/{rel}","templated":true}]}}